{"id":1002,"date":"2021-04-08T14:00:04","date_gmt":"2021-04-08T12:00:04","guid":{"rendered":"https:\/\/www.hotel-nautica-perros.com\/?page_id=1002"},"modified":"2025-01-28T10:55:07","modified_gmt":"2025-01-28T09:55:07","slug":"soiree-etape","status":"publish","type":"page","link":"https:\/\/www.hotel-nautica-perros.com\/en\/soiree-etape\/","title":{"rendered":"STEP EVENING"},"content":{"rendered":"<div data-elementor-type=\"wp-page\" data-elementor-id=\"1002\" class=\"elementor elementor-1002\" data-elementor-post-type=\"page\">\n\t\t\t\t\t\t<section class=\"elementor-section elementor-top-section elementor-element elementor-element-23f4274 elementor-section-height-min-height elementor-section-boxed elementor-section-height-default elementor-section-items-middle\" data-id=\"23f4274\" data-element_type=\"section\" data-e-type=\"section\" data-settings=\"{&quot;background_background&quot;:&quot;classic&quot;}\">\n\t\t\t\t\t\t\t<div class=\"elementor-background-overlay\"><\/div>\n\t\t\t\t\t\t\t<div class=\"elementor-container elementor-column-gap-default\">\n\t\t\t\t\t<div class=\"elementor-column elementor-col-100 elementor-top-column elementor-element elementor-element-d499909\" data-id=\"d499909\" data-element_type=\"column\" data-e-type=\"column\">\n\t\t\t<div class=\"elementor-widget-wrap elementor-element-populated\">\n\t\t\t\t\t\t<div class=\"elementor-element elementor-element-45aeeca elementor-widget elementor-widget-spacer\" data-id=\"45aeeca\" data-element_type=\"widget\" data-e-type=\"widget\" data-widget_type=\"spacer.default\">\n\t\t\t\t<div class=\"elementor-widget-container\">\n\t\t\t\t\t\t\t<div class=\"elementor-spacer\">\n\t\t\t<div class=\"elementor-spacer-inner\"><\/div>\n\t\t<\/div>\n\t\t\t\t\t\t<\/div>\n\t\t\t\t<\/div>\n\t\t\t\t<div class=\"elementor-element elementor-element-a2b0d6a elementor-widget elementor-widget-heading\" data-id=\"a2b0d6a\" data-element_type=\"widget\" data-e-type=\"widget\" data-widget_type=\"heading.default\">\n\t\t\t\t<div class=\"elementor-widget-container\">\n\t\t\t\t\t<h2 class=\"elementor-heading-title elementor-size-default\">OUR EVENING OFFERS<\/h2>\t\t\t\t<\/div>\n\t\t\t\t<\/div>\n\t\t\t\t<div class=\"elementor-element elementor-element-ceed452 elementor-widget elementor-widget-spacer\" data-id=\"ceed452\" data-element_type=\"widget\" data-e-type=\"widget\" data-widget_type=\"spacer.default\">\n\t\t\t\t<div class=\"elementor-widget-container\">\n\t\t\t\t\t\t\t<div class=\"elementor-spacer\">\n\t\t\t<div class=\"elementor-spacer-inner\"><\/div>\n\t\t<\/div>\n\t\t\t\t\t\t<\/div>\n\t\t\t\t<\/div>\n\t\t\t\t\t<\/div>\n\t\t<\/div>\n\t\t\t\t\t<\/div>\n\t\t<\/section>\n\t\t\t\t<section class=\"elementor-section elementor-top-section elementor-element elementor-element-4074df2 elementor-section-boxed elementor-section-height-default elementor-section-height-default\" data-id=\"4074df2\" data-element_type=\"section\" data-e-type=\"section\">\n\t\t\t\t\t\t<div class=\"elementor-container elementor-column-gap-default\">\n\t\t\t\t\t<div class=\"elementor-column elementor-col-100 elementor-top-column elementor-element elementor-element-099830a\" data-id=\"099830a\" data-element_type=\"column\" data-e-type=\"column\">\n\t\t\t<div class=\"elementor-widget-wrap elementor-element-populated\">\n\t\t\t\t\t\t<div class=\"elementor-element elementor-element-45e3426 elementor-widget elementor-widget-spacer\" data-id=\"45e3426\" data-element_type=\"widget\" data-e-type=\"widget\" data-widget_type=\"spacer.default\">\n\t\t\t\t<div class=\"elementor-widget-container\">\n\t\t\t\t\t\t\t<div class=\"elementor-spacer\">\n\t\t\t<div class=\"elementor-spacer-inner\"><\/div>\n\t\t<\/div>\n\t\t\t\t\t\t<\/div>\n\t\t\t\t<\/div>\n\t\t\t\t<div class=\"elementor-element elementor-element-bb6c652 elementor-widget elementor-widget-heading\" data-id=\"bb6c652\" data-element_type=\"widget\" data-e-type=\"widget\" data-widget_type=\"heading.default\">\n\t\t\t\t<div class=\"elementor-widget-container\">\n\t\t\t\t\t<h2 class=\"elementor-heading-title elementor-size-default\">Looking for a hotel in Perros-Guirec for your evening stopover?<\/h2>\t\t\t\t<\/div>\n\t\t\t\t<\/div>\n\t\t\t\t<div class=\"elementor-element elementor-element-2c9f72af elementor-widget elementor-widget-shortcode\" data-id=\"2c9f72af\" data-element_type=\"widget\" data-e-type=\"widget\" data-widget_type=\"shortcode.default\">\n\t\t\t\t<div class=\"elementor-widget-container\">\n\t\t\t\t\t\t\t<div class=\"elementor-shortcode\"><form autocomplete=\"off\" name=\"wpv-filter-3382-CATTR342e10caf03ad17766e0b5ff81ed0f2a\" action=\"\/en\/wp-json\/wp\/v2\/pages\/1002?wpv_view_count=3382-CATTR342e10caf03ad17766e0b5ff81ed0f2a\" method=\"get\" class=\"wpv-filter-form js-wpv-filter-form js-wpv-filter-form-3382-CATTR342e10caf03ad17766e0b5ff81ed0f2a js-wpv-form-full\" data-viewnumber=\"3382-CATTR342e10caf03ad17766e0b5ff81ed0f2a\" data-viewid=\"3382\" data-viewhash=\"eyJuYW1lIjoibGlzdGUtb2ZmcmVzLXNwZWNpYWxlcyIsIndwdnR5cGVkb2ZmcmUiOiJidXNpbmVzcyJ9\" data-viewwidgetid=\"0\" data-orderby=\"\" data-order=\"\" data-orderbyas=\"\" data-orderbysecond=\"\" data-ordersecond=\"\" data-parametric=\"{&quot;query&quot;:&quot;normal&quot;,&quot;id&quot;:&quot;3382&quot;,&quot;view_id&quot;:&quot;3382&quot;,&quot;widget_id&quot;:0,&quot;view_hash&quot;:&quot;3382-CATTR342e10caf03ad17766e0b5ff81ed0f2a&quot;,&quot;action&quot;:&quot;\\\/en\\\/wp-json\\\/wp\\\/v2\\\/pages\\\/1002?wpv_view_count=3382-CATTR342e10caf03ad17766e0b5ff81ed0f2a&quot;,&quot;sort&quot;:{&quot;orderby&quot;:&quot;&quot;,&quot;order&quot;:&quot;&quot;,&quot;orderby_as&quot;:&quot;&quot;,&quot;orderby_second&quot;:&quot;&quot;,&quot;order_second&quot;:&quot;&quot;},&quot;orderby&quot;:&quot;&quot;,&quot;order&quot;:&quot;&quot;,&quot;orderby_as&quot;:&quot;&quot;,&quot;orderby_second&quot;:&quot;&quot;,&quot;order_second&quot;:&quot;&quot;,&quot;ajax_form&quot;:&quot;&quot;,&quot;ajax_results&quot;:&quot;&quot;,&quot;effect&quot;:&quot;fade&quot;,&quot;prebefore&quot;:&quot;&quot;,&quot;before&quot;:&quot;&quot;,&quot;after&quot;:&quot;&quot;,&quot;attributes&quot;:{&quot;wpvtypedoffre&quot;:&quot;business&quot;},&quot;environment&quot;:{&quot;current_post_id&quot;:1002,&quot;parent_post_id&quot;:1002,&quot;parent_term_id&quot;:0,&quot;parent_user_id&quot;:0,&quot;archive&quot;:{&quot;type&quot;:&quot;&quot;,&quot;name&quot;:&quot;&quot;,&quot;data&quot;:[]}},&quot;loop&quot;:{&quot;type&quot;:&quot;&quot;,&quot;name&quot;:&quot;&quot;,&quot;data&quot;:[],&quot;id&quot;:0}}\" data-attributes=\"{&quot;wpvtypedoffre&quot;:&quot;business&quot;}\" data-environment=\"{&quot;current_post_id&quot;:1002,&quot;parent_post_id&quot;:1002,&quot;parent_term_id&quot;:0,&quot;parent_user_id&quot;:0,&quot;archive&quot;:{&quot;type&quot;:&quot;&quot;,&quot;name&quot;:&quot;&quot;,&quot;data&quot;:[]}}\" data-trp-original-action=\"\/en\/wp-json\/wp\/v2\/pages\/1002?wpv_view_count=3382-CATTR342e10caf03ad17766e0b5ff81ed0f2a\"><input type=\"hidden\" class=\"js-wpv-dps-filter-data js-wpv-filter-data-for-this-form\" data-action=\"\/en\/wp-json\/wp\/v2\/pages\/1002?wpv_view_count=3382-CATTR342e10caf03ad17766e0b5ff81ed0f2a\" data-page=\"1\" data-ajax=\"disable\" data-effect=\"fade\" data-maxpages=\"0\" data-ajaxprebefore=\"\" data-ajaxbefore=\"\" data-ajaxafter=\"\" \/><input class=\"wpv_view_count wpv_view_count-3382-CATTR342e10caf03ad17766e0b5ff81ed0f2a\" type=\"hidden\" name=\"wpv_view_count\" value=\"3382-CATTR342e10caf03ad17766e0b5ff81ed0f2a\" \/>\n\n<input type=\"hidden\" name=\"trp-form-language\" value=\"en\"\/><\/form>\n<div id=\"wpv-view-layout-3382-CATTR342e10caf03ad17766e0b5ff81ed0f2a\" class=\"js-wpv-view-layout js-wpv-layout-responsive js-wpv-view-layout-3382-CATTR342e10caf03ad17766e0b5ff81ed0f2a\" data-viewnumber=\"3382-CATTR342e10caf03ad17766e0b5ff81ed0f2a\" data-pagination=\"{&quot;id&quot;:&quot;3382&quot;,&quot;query&quot;:&quot;normal&quot;,&quot;type&quot;:&quot;disabled&quot;,&quot;effect&quot;:&quot;fade&quot;,&quot;duration&quot;:500,&quot;speed&quot;:5,&quot;pause_on_hover&quot;:&quot;disabled&quot;,&quot;stop_rollover&quot;:&quot;false&quot;,&quot;cache_pages&quot;:&quot;enabled&quot;,&quot;preload_images&quot;:&quot;enabled&quot;,&quot;preload_pages&quot;:&quot;enabled&quot;,&quot;preload_reach&quot;:1,&quot;spinner&quot;:&quot;builtin&quot;,&quot;spinner_image&quot;:&quot;https:\/\/www.hotel-nautica-perros.com\/wp-content\/plugins\/toolset-blocks\/embedded\/res\/img\/ajax-loader.gif&quot;,&quot;callback_next&quot;:&quot;&quot;,&quot;manage_history&quot;:&quot;enabled&quot;,&quot;has_controls_in_form&quot;:&quot;disabled&quot;,&quot;infinite_tolerance&quot;:&quot;0&quot;,&quot;max_pages&quot;:0,&quot;page&quot;:1,&quot;base_permalink&quot;:&quot;\/en\/wp-json\/wp\/v2\/pages\/1002?wpv_view_count=3382-CATTR342e10caf03ad17766e0b5ff81ed0f2a&amp;wpv_paged=WPV_PAGE_NUM&quot;,&quot;loop&quot;:{&quot;type&quot;:&quot;&quot;,&quot;name&quot;:&quot;&quot;,&quot;data&quot;:[],&quot;id&quot;:0}}\" data-permalink=\"\/en\/wp-json\/wp\/v2\/pages\/1002?wpv_view_count=3382-CATTR342e10caf03ad17766e0b5ff81ed0f2a\">\n\n\t\n\t\n\t\t<div class=\"noresult\">No offer at the moment<\/div>\n\t\n<\/div>\n<\/div>\n\t\t\t\t\t\t<\/div>\n\t\t\t\t<\/div>\n\t\t\t\t\t<\/div>\n\t\t<\/div>\n\t\t\t\t\t<\/div>\n\t\t<\/section>\n\t\t\t\t<section class=\"elementor-section elementor-top-section elementor-element elementor-element-68b2bb83 elementor-section-boxed elementor-section-height-default elementor-section-height-default\" data-id=\"68b2bb83\" data-element_type=\"section\" data-e-type=\"section\" data-settings=\"{&quot;background_background&quot;:&quot;classic&quot;}\">\n\t\t\t\t\t\t<div class=\"elementor-container elementor-column-gap-default\">\n\t\t\t\t\t<div class=\"elementor-column elementor-col-100 elementor-top-column elementor-element elementor-element-46592123\" data-id=\"46592123\" data-element_type=\"column\" data-e-type=\"column\" data-settings=\"{&quot;background_background&quot;:&quot;slideshow&quot;,&quot;background_slideshow_gallery&quot;:[],&quot;background_slideshow_loop&quot;:&quot;yes&quot;,&quot;background_slideshow_slide_duration&quot;:5000,&quot;background_slideshow_slide_transition&quot;:&quot;fade&quot;,&quot;background_slideshow_transition_duration&quot;:500}\">\n\t\t\t<div class=\"elementor-widget-wrap elementor-element-populated\">\n\t\t\t\t\t\t<div class=\"elementor-element elementor-element-0e1fe5f elementor-widget elementor-widget-text-editor\" data-id=\"0e1fe5f\" data-element_type=\"widget\" data-e-type=\"widget\" data-widget_type=\"text-editor.default\">\n\t\t\t\t<div class=\"elementor-widget-container\">\n\t\t\t\t\t\t\t\t\t<p><span style=\"color: var( --e-global-color-primary );\">Need to recharge your batteries at the water's edge after a long day at work?<\/span><\/p>\t\t\t\t\t\t\t\t<\/div>\n\t\t\t\t<\/div>\n\t\t\t\t<div class=\"elementor-element elementor-element-be6df5e elementor-widget elementor-widget-text-editor\" data-id=\"be6df5e\" data-element_type=\"widget\" data-e-type=\"widget\" data-widget_type=\"text-editor.default\">\n\t\t\t\t<div class=\"elementor-widget-container\">\n\t\t\t\t\t\t\t\t\t<p>Just 5 minutes from Lannion, Nautica H\u00f4tel welcomes you to its contemporary, streamlined rooms overlooking the port of Perros-Guirec. All equipped with a designer desk and WiFi connection, they offer optimal working conditions. Almost with your feet in the water...<\/p>\t\t\t\t\t\t\t\t<\/div>\n\t\t\t\t<\/div>\n\t\t\t\t<div class=\"elementor-element elementor-element-6e87cd4 elementor-widget elementor-widget-text-editor\" data-id=\"6e87cd4\" data-element_type=\"widget\" data-e-type=\"widget\" data-widget_type=\"text-editor.default\">\n\t\t\t\t<div class=\"elementor-widget-container\">\n\t\t\t\t\t\t\t\t\t<p>When you stay at our hotel in Perros-Guirec, you'll also have access to a wide range of services, including free private parking, a 24-hour water fountain, a delicious breakfast to be enjoyed in your room or in our dedicated breakfast room, a zero-waste and local meal offer, and a store selling local produce.<\/p>\t\t\t\t\t\t\t\t<\/div>\n\t\t\t\t<\/div>\n\t\t\t\t<div class=\"elementor-element elementor-element-09bb7b9 elementor-widget elementor-widget-text-editor\" data-id=\"09bb7b9\" data-element_type=\"widget\" data-e-type=\"widget\" data-widget_type=\"text-editor.default\">\n\t\t\t\t<div class=\"elementor-widget-container\">\n\t\t\t\t\t\t\t\t\t<p>Our team is available throughout your stay, for any tourist advice.<\/p>\t\t\t\t\t\t\t\t<\/div>\n\t\t\t\t<\/div>\n\t\t\t\t<div class=\"elementor-element elementor-element-c177543 elementor-widget__width-initial elementor-widget elementor-widget-text-editor\" data-id=\"c177543\" data-element_type=\"widget\" data-e-type=\"widget\" data-widget_type=\"text-editor.default\">\n\t\t\t\t<div class=\"elementor-widget-container\">\n\t\t\t\t\t\t\t\t\t<p>Every evening spent at Nautica Hotel is a success with our breathtaking view of the sea. Enjoy the benefits of the sea while being lulled by the sound of the waves. Then, leave relaxed, after a good night's sleep and ready to tackle the day's work ahead.<\/p>\t\t\t\t\t\t\t\t<\/div>\n\t\t\t\t<\/div>\n\t\t\t\t<div class=\"elementor-element elementor-element-f4037bd elementor-widget elementor-widget-text-editor\" data-id=\"f4037bd\" data-element_type=\"widget\" data-e-type=\"widget\" data-widget_type=\"text-editor.default\">\n\t\t\t\t<div class=\"elementor-widget-container\">\n\t\t\t\t\t\t\t\t\t<p>Make Nautica H\u00f4tel an essential stopover on your business trips to C\u00f4tes d'Armor.<\/p>\t\t\t\t\t\t\t\t<\/div>\n\t\t\t\t<\/div>\n\t\t\t\t\t<\/div>\n\t\t<\/div>\n\t\t\t\t\t<\/div>\n\t\t<\/section>\n\t\t\t\t<\/div>","protected":false},"excerpt":{"rendered":"<p>NOS OFFRES SOIR\u00c9E \u00c9TAPE \u00c0 la recherche d&rsquo;un h\u00f4tel \u00e0 Perros-Guirec pour votre soir\u00e9e \u00e9tape ? Besoin de vous ressourcer au bord de l&rsquo;eau, apr\u00e8s une longue journ\u00e9e de travail ? \u00c0 seulement 5 minutes de Lannion, le Nautica H\u00f4tel vous accueille face au port de Perros-Guirec, dans des chambres \u00e0 la d\u00e9coration contemporaine et [&hellip;]<\/p>\n","protected":false},"author":1,"featured_media":11172,"parent":0,"menu_order":0,"comment_status":"closed","ping_status":"closed","template":"","meta":{"footnotes":""},"class_list":["post-1002","page","type-page","status-publish","has-post-thumbnail","hentry"],"_links":{"self":[{"href":"https:\/\/www.hotel-nautica-perros.com\/en\/wp-json\/wp\/v2\/pages\/1002","targetHints":{"allow":["GET"]}}],"collection":[{"href":"https:\/\/www.hotel-nautica-perros.com\/en\/wp-json\/wp\/v2\/pages"}],"about":[{"href":"https:\/\/www.hotel-nautica-perros.com\/en\/wp-json\/wp\/v2\/types\/page"}],"author":[{"embeddable":true,"href":"https:\/\/www.hotel-nautica-perros.com\/en\/wp-json\/wp\/v2\/users\/1"}],"replies":[{"embeddable":true,"href":"https:\/\/www.hotel-nautica-perros.com\/en\/wp-json\/wp\/v2\/comments?post=1002"}],"version-history":[{"count":393,"href":"https:\/\/www.hotel-nautica-perros.com\/en\/wp-json\/wp\/v2\/pages\/1002\/revisions"}],"predecessor-version":[{"id":18429,"href":"https:\/\/www.hotel-nautica-perros.com\/en\/wp-json\/wp\/v2\/pages\/1002\/revisions\/18429"}],"wp:featuredmedia":[{"embeddable":true,"href":"https:\/\/www.hotel-nautica-perros.com\/en\/wp-json\/wp\/v2\/media\/11172"}],"wp:attachment":[{"href":"https:\/\/www.hotel-nautica-perros.com\/en\/wp-json\/wp\/v2\/media?parent=1002"}],"curies":[{"name":"wp","href":"https:\/\/api.w.org\/{rel}","templated":true}]}}