{"id":1033,"date":"2021-04-12T10:04:16","date_gmt":"2021-04-12T08:04:16","guid":{"rendered":"https:\/\/www.hotel-nautica-perros.com\/?page_id=1033"},"modified":"2021-06-18T16:14:06","modified_gmt":"2021-06-18T14:14:06","slug":"cote-de-granit-rose","status":"publish","type":"page","link":"https:\/\/www.hotel-nautica-perros.com\/en\/perros-guirec-tourisme\/cote-de-granit-rose\/","title":{"rendered":"Pink Granite Coast"},"content":{"rendered":"<div data-elementor-type=\"wp-page\" data-elementor-id=\"1033\" class=\"elementor elementor-1033\" data-elementor-post-type=\"page\">\n\t\t\t\t\t\t<section class=\"elementor-section elementor-top-section elementor-element elementor-element-3bebe164 elementor-section-stretched elementor-section-content-middle elementor-section-boxed elementor-section-height-default elementor-section-height-default\" data-id=\"3bebe164\" data-element_type=\"section\" data-e-type=\"section\" data-settings=\"{&quot;stretch_section&quot;:&quot;section-stretched&quot;,&quot;background_background&quot;:&quot;classic&quot;}\">\n\t\t\t\t\t\t\t<div class=\"elementor-background-overlay\"><\/div>\n\t\t\t\t\t\t\t<div class=\"elementor-container elementor-column-gap-default\">\n\t\t\t\t\t<div class=\"elementor-column elementor-col-100 elementor-top-column elementor-element elementor-element-fb64eb3\" data-id=\"fb64eb3\" data-element_type=\"column\" data-e-type=\"column\">\n\t\t\t<div class=\"elementor-widget-wrap elementor-element-populated\">\n\t\t\t\t\t\t<div class=\"elementor-element elementor-element-3d7f5cac elementor-widget elementor-widget-heading\" data-id=\"3d7f5cac\" data-element_type=\"widget\" data-e-type=\"widget\" data-widget_type=\"heading.default\">\n\t\t\t\t<div class=\"elementor-widget-container\">\n\t\t\t\t\t<h1 class=\"elementor-heading-title elementor-size-xxl\">Visit the ROSE GRANITE COAST<\/h1>\t\t\t\t<\/div>\n\t\t\t\t<\/div>\n\t\t\t\t<div class=\"elementor-element elementor-element-3c253c3a elementor-widget elementor-widget-heading\" data-id=\"3c253c3a\" data-element_type=\"widget\" data-e-type=\"widget\" data-widget_type=\"heading.default\">\n\t\t\t\t<div class=\"elementor-widget-container\">\n\t\t\t\t\t<h2 class=\"elementor-heading-title elementor-size-default\">Colourful escapades!<\/h2>\t\t\t\t<\/div>\n\t\t\t\t<\/div>\n\t\t\t\t<div class=\"elementor-element elementor-element-4a7b8ba9 elementor-widget elementor-widget-spacer\" data-id=\"4a7b8ba9\" data-element_type=\"widget\" data-e-type=\"widget\" data-widget_type=\"spacer.default\">\n\t\t\t\t<div class=\"elementor-widget-container\">\n\t\t\t\t\t\t\t<div class=\"elementor-spacer\">\n\t\t\t<div class=\"elementor-spacer-inner\"><\/div>\n\t\t<\/div>\n\t\t\t\t\t\t<\/div>\n\t\t\t\t<\/div>\n\t\t\t\t\t<\/div>\n\t\t<\/div>\n\t\t\t\t\t<\/div>\n\t\t<\/section>\n\t\t\t\t<section class=\"elementor-section elementor-top-section elementor-element elementor-element-7a3427cd elementor-section-boxed elementor-section-height-default elementor-section-height-default\" data-id=\"7a3427cd\" data-element_type=\"section\" data-e-type=\"section\">\n\t\t\t\t\t\t<div class=\"elementor-container elementor-column-gap-default\">\n\t\t\t\t\t<div class=\"elementor-column elementor-col-100 elementor-top-column elementor-element elementor-element-4fe9c4e\" data-id=\"4fe9c4e\" data-element_type=\"column\" data-e-type=\"column\">\n\t\t\t<div class=\"elementor-widget-wrap elementor-element-populated\">\n\t\t\t\t\t\t<div class=\"elementor-element elementor-element-523440a elementor-widget elementor-widget-spacer\" data-id=\"523440a\" data-element_type=\"widget\" data-e-type=\"widget\" data-widget_type=\"spacer.default\">\n\t\t\t\t<div class=\"elementor-widget-container\">\n\t\t\t\t\t\t\t<div class=\"elementor-spacer\">\n\t\t\t<div class=\"elementor-spacer-inner\"><\/div>\n\t\t<\/div>\n\t\t\t\t\t\t<\/div>\n\t\t\t\t<\/div>\n\t\t\t\t<div class=\"elementor-element elementor-element-626f8a21 elementor-widget elementor-widget-text-editor\" data-id=\"626f8a21\" data-element_type=\"widget\" data-e-type=\"widget\" data-widget_type=\"text-editor.default\">\n\t\t\t\t<div class=\"elementor-widget-container\">\n\t\t\t\t\t\t\t\t\t<p>What a spectacle of nature! You will never tire of contemplating the fanciful shapes of the rocks of the Pink Granite Coast. Here, an overturned bottle, there, a rabbit, further on, Napoleon's hat. Let your imagination run wild...<\/p><p>On the coast, from Tr\u00e9gastel to Perros-Guirec and Plougrescant, these pink-coloured boulders stand out against the blue sea. To take advantage of this colourful spectacle, a nice walk awaits you starting from the Coz-Pors beach, in Tr\u00e9gastel. First, head towards Renote Island. On your way, the first rocks with such singular shapes of the Pink Granite Coast are revealed. Continue on the path. As you walk, you will pass along the bay of Sainte-Anne, the beach of Tourony, the castle of Costa\u00e9r\u00e8s. Slowly, you will arrive at Ploumanac'h, a former fishing village and emblematic village of Perros-Guirec. Here, the granite blocks and the square tower of the Mean Ruz lighthouse are a brilliant pink!<\/p><p>After a well-deserved pancake, set sail in the afternoon for the Sept-Iles bird sanctuary. The largest seabird reserve in the world, the archipelago is home to gannets (from the end of January to October) and puffins (from the beginning of April to mid-July).<\/p><p>Cycling enthusiasts can enjoy the beauty of the coast by taking the V\u00e9lomaritime (cycle route linking Roscoff in Brittany to Bray-Dunes in the North). Those who prefer walking will discover the Pink Granite Coast, which stretches for about fifteen kilometres between Perros-Guirec and Tr\u00e9beurden, thanks to the famous GR34 (customs path). Alternating beautiful beaches and spectacular granite chaos dating from 300 million years ago, this famous coastline will no longer hold any secrets for you.<\/p>\t\t\t\t\t\t\t\t<\/div>\n\t\t\t\t<\/div>\n\t\t\t\t<div class=\"elementor-element elementor-element-32b2cf5 elementor-widget elementor-widget-spacer\" data-id=\"32b2cf5\" data-element_type=\"widget\" data-e-type=\"widget\" data-widget_type=\"spacer.default\">\n\t\t\t\t<div class=\"elementor-widget-container\">\n\t\t\t\t\t\t\t<div class=\"elementor-spacer\">\n\t\t\t<div class=\"elementor-spacer-inner\"><\/div>\n\t\t<\/div>\n\t\t\t\t\t\t<\/div>\n\t\t\t\t<\/div>\n\t\t\t\t\t<\/div>\n\t\t<\/div>\n\t\t\t\t\t<\/div>\n\t\t<\/section>\n\t\t\t\t<section class=\"elementor-section elementor-top-section elementor-element elementor-element-fdc0b8e elementor-section-boxed elementor-section-height-default elementor-section-height-default\" data-id=\"fdc0b8e\" data-element_type=\"section\" data-e-type=\"section\">\n\t\t\t\t\t\t<div class=\"elementor-container elementor-column-gap-default\">\n\t\t\t\t\t<div class=\"elementor-column elementor-col-50 elementor-top-column elementor-element elementor-element-5269273\" data-id=\"5269273\" data-element_type=\"column\" data-e-type=\"column\">\n\t\t\t<div class=\"elementor-widget-wrap elementor-element-populated\">\n\t\t\t\t\t\t<div class=\"elementor-element elementor-element-306e206 elementor-align-left elementor-mobile-align-center elementor-widget elementor-widget-button\" data-id=\"306e206\" data-element_type=\"widget\" data-e-type=\"widget\" data-widget_type=\"button.default\">\n\t\t\t\t<div class=\"elementor-widget-container\">\n\t\t\t\t\t\t\t\t\t<div class=\"elementor-button-wrapper\">\n\t\t\t\t\t<a class=\"elementor-button elementor-button-link elementor-size-xs\" href=\"https:\/\/www.hotel-nautica-perros.com\/en\/tourisme\/ploumanach\/\">\n\t\t\t\t\t\t<span class=\"elementor-button-content-wrapper\">\n\t\t\t\t\t\t\t\t\t<span class=\"elementor-button-text\">&lt; Ploumanac&#039;h<\/span>\n\t\t\t\t\t<\/span>\n\t\t\t\t\t<\/a>\n\t\t\t\t<\/div>\n\t\t\t\t\t\t\t\t<\/div>\n\t\t\t\t<\/div>\n\t\t\t\t\t<\/div>\n\t\t<\/div>\n\t\t\t\t<div class=\"elementor-column elementor-col-50 elementor-top-column elementor-element elementor-element-5988cbe\" data-id=\"5988cbe\" data-element_type=\"column\" data-e-type=\"column\">\n\t\t\t<div class=\"elementor-widget-wrap elementor-element-populated\">\n\t\t\t\t\t\t<div class=\"elementor-element elementor-element-f9ddccf elementor-align-right elementor-mobile-align-center elementor-widget elementor-widget-button\" data-id=\"f9ddccf\" data-element_type=\"widget\" data-e-type=\"widget\" data-widget_type=\"button.default\">\n\t\t\t\t<div class=\"elementor-widget-container\">\n\t\t\t\t\t\t\t\t\t<div class=\"elementor-button-wrapper\">\n\t\t\t\t\t<a class=\"elementor-button elementor-button-link elementor-size-xs\" href=\"https:\/\/www.hotel-nautica-perros.com\/en\/tourisme\/cotes-darmor\/\">\n\t\t\t\t\t\t<span class=\"elementor-button-content-wrapper\">\n\t\t\t\t\t\t\t\t\t<span class=\"elementor-button-text\">C\u00f4te-d'Armor &gt;<\/span>\n\t\t\t\t\t<\/span>\n\t\t\t\t\t<\/a>\n\t\t\t\t<\/div>\n\t\t\t\t\t\t\t\t<\/div>\n\t\t\t\t<\/div>\n\t\t\t\t\t<\/div>\n\t\t<\/div>\n\t\t\t\t\t<\/div>\n\t\t<\/section>\n\t\t\t\t<\/div>","protected":false},"excerpt":{"rendered":"<p>Visiter la c\u00d4te DE GRANIT ROSE Echapp\u00e9es belles hautes en couleurs ! Quel spectacle de la nature ! Vous ne vous lasserez pas de contempler les formes fantaisistes des rochers de la C\u00f4te de Granit rose. Ici, une bouteille renvers\u00e9e, l\u00e0, un lapin, plus loin, le chapeau de Napol\u00e9on. Laissez-faire votre imagination&#8230; Sur la c\u00f4te, [&hellip;]<\/p>\n","protected":false},"author":2,"featured_media":0,"parent":250,"menu_order":0,"comment_status":"closed","ping_status":"closed","template":"","meta":{"footnotes":""},"class_list":["post-1033","page","type-page","status-publish","hentry"],"_links":{"self":[{"href":"https:\/\/www.hotel-nautica-perros.com\/en\/wp-json\/wp\/v2\/pages\/1033","targetHints":{"allow":["GET"]}}],"collection":[{"href":"https:\/\/www.hotel-nautica-perros.com\/en\/wp-json\/wp\/v2\/pages"}],"about":[{"href":"https:\/\/www.hotel-nautica-perros.com\/en\/wp-json\/wp\/v2\/types\/page"}],"author":[{"embeddable":true,"href":"https:\/\/www.hotel-nautica-perros.com\/en\/wp-json\/wp\/v2\/users\/2"}],"replies":[{"embeddable":true,"href":"https:\/\/www.hotel-nautica-perros.com\/en\/wp-json\/wp\/v2\/comments?post=1033"}],"version-history":[{"count":74,"href":"https:\/\/www.hotel-nautica-perros.com\/en\/wp-json\/wp\/v2\/pages\/1033\/revisions"}],"predecessor-version":[{"id":3678,"href":"https:\/\/www.hotel-nautica-perros.com\/en\/wp-json\/wp\/v2\/pages\/1033\/revisions\/3678"}],"up":[{"embeddable":true,"href":"https:\/\/www.hotel-nautica-perros.com\/en\/wp-json\/wp\/v2\/pages\/250"}],"wp:attachment":[{"href":"https:\/\/www.hotel-nautica-perros.com\/en\/wp-json\/wp\/v2\/media?parent=1033"}],"curies":[{"name":"wp","href":"https:\/\/api.w.org\/{rel}","templated":true}]}}